{"id":22,"date":"2021-07-19T00:00:48","date_gmt":"2021-07-19T03:00:48","guid":{"rendered":"http:\/\/dskinformatica.com.br\/?page_id=22"},"modified":"2021-08-09T22:30:25","modified_gmt":"2021-08-10T01:30:25","slug":"sobre-nos","status":"publish","type":"page","link":"http:\/\/dskinformatica.com.br\/index.php\/sobre-nos\/","title":{"rendered":"Sobre N\u00f3s"},"content":{"rendered":"\t\t<div data-elementor-type=\"wp-page\" data-elementor-id=\"22\" class=\"elementor elementor-22\">\n\t\t\t\t\t\t<section class=\"elementor-section elementor-top-section elementor-element elementor-element-bc6d772 elementor-section-boxed elementor-section-height-default elementor-section-height-default\" data-id=\"bc6d772\" data-element_type=\"section\" data-settings=\"{&quot;background_background&quot;:&quot;classic&quot;}\">\n\t\t\t\t\t\t<div class=\"elementor-container elementor-column-gap-default\">\n\t\t\t\t\t<div class=\"elementor-column elementor-col-100 elementor-top-column elementor-element elementor-element-d97d292\" data-id=\"d97d292\" data-element_type=\"column\">\n\t\t\t<div class=\"elementor-widget-wrap elementor-element-populated\">\n\t\t\t\t\t\t\t<\/div>\n\t\t<\/div>\n\t\t\t\t\t<\/div>\n\t\t<\/section>\n\t\t\t\t<section class=\"elementor-section elementor-top-section elementor-element elementor-element-300bd39 elementor-section-boxed elementor-section-height-default elementor-section-height-default\" data-id=\"300bd39\" data-element_type=\"section\" data-settings=\"{&quot;background_background&quot;:&quot;classic&quot;}\">\n\t\t\t\t\t\t<div class=\"elementor-container elementor-column-gap-default\">\n\t\t\t\t\t<div class=\"elementor-column elementor-col-33 elementor-top-column elementor-element elementor-element-5805972\" data-id=\"5805972\" data-element_type=\"column\">\n\t\t\t<div class=\"elementor-widget-wrap\">\n\t\t\t\t\t\t\t<\/div>\n\t\t<\/div>\n\t\t\t\t<div class=\"elementor-column elementor-col-33 elementor-top-column elementor-element elementor-element-04609ad\" data-id=\"04609ad\" data-element_type=\"column\">\n\t\t\t<div class=\"elementor-widget-wrap elementor-element-populated\">\n\t\t\t\t\t\t<div class=\"elementor-element elementor-element-6eb89c5 elementor-widget elementor-widget-text-editor\" data-id=\"6eb89c5\" data-element_type=\"widget\" data-widget_type=\"text-editor.default\">\n\t\t\t\t<div class=\"elementor-widget-container\">\n\t\t\t<style>\/*! elementor - v3.22.0 - 26-06-2024 *\/\n.elementor-widget-text-editor.elementor-drop-cap-view-stacked .elementor-drop-cap{background-color:#69727d;color:#fff}.elementor-widget-text-editor.elementor-drop-cap-view-framed .elementor-drop-cap{color:#69727d;border:3px solid;background-color:transparent}.elementor-widget-text-editor:not(.elementor-drop-cap-view-default) .elementor-drop-cap{margin-top:8px}.elementor-widget-text-editor:not(.elementor-drop-cap-view-default) .elementor-drop-cap-letter{width:1em;height:1em}.elementor-widget-text-editor .elementor-drop-cap{float:left;text-align:center;line-height:1;font-size:50px}.elementor-widget-text-editor .elementor-drop-cap-letter{display:inline-block}<\/style>\t\t\t\t<p class=\"font_2\" style=\"text-align: center;\"><span style=\"color: #000000; font-family: var( --e-global-typography-text-font-family ), Sans-serif; font-style: inherit; font-weight: var( --e-global-typography-text-font-weight ); text-transform: inherit;\">\u00a0<\/span><\/p><p class=\"font_2\" style=\"text-align: left;\"><span style=\"color: #000000; font-family: var( --e-global-typography-text-font-family ), Sans-serif; font-style: inherit; font-weight: var( --e-global-typography-text-font-weight ); text-transform: inherit;\">\u00a0<\/span><\/p><p class=\"font_2\" style=\"text-align: left;\"><span style=\"color: #000000; font-family: var( --e-global-typography-text-font-family ), Sans-serif; font-style: inherit; font-weight: var( --e-global-typography-text-font-weight ); text-transform: inherit;\">A DSK Inform\u00e1tica atua na \u00e1rea Inform\u00e1tica e Automa\u00e7\u00e3o Comercial, especialmente em TEF, em todo o territ\u00f3rio Nacional.<\/span><\/p><p class=\"font_2\" style=\"text-align: left;\"><span style=\"color: #000000;\"><span style=\"font-family: var( --e-global-typography-text-font-family ), Sans-serif; font-style: inherit; text-transform: inherit;\"><span style=\"font-size: 15px; font-weight: var( --e-global-typography-text-font-weight );\"><br \/>Com profissionais capacitados podemos\u00a0 proporcionar suporte t\u00e9cnico e manuten\u00e7\u00e3o especializada, inclusive com acesso remoto.<\/span><span style=\"font-size: 15px; font-weight: 400;\"><br \/><\/span><\/span><span style=\"font-size: 15px; font-weight: 400;\"><br \/><\/span>De acordo com a necessidade de cada cliente, elaboramos solu\u00e7\u00f5es\u00a0 adequadas e eficazes.<\/span><\/p><p style=\"text-align: left;\"><span style=\"color: #000000;\">Trabalhamos com pe\u00e7as e equipamentos das melhores e mais conceituadas marcas atuantes nos mercados nacionais e internacionais.<\/span><\/p><p style=\"text-align: left;\"><span style=\"color: #000000;\">Atendemos o cliente final e a Revenda, sempre garantindo lealdade em nossas parcerias<\/span><\/p><p style=\"text-align: left;\"><span style=\"color: #000000;\">Entre em contato conosco e confira.<\/span><\/p><p style=\"text-align: left;\">\u00a0<\/p>\t\t\t\t\t\t<\/div>\n\t\t\t\t<\/div>\n\t\t\t\t\t<\/div>\n\t\t<\/div>\n\t\t\t\t<div class=\"elementor-column elementor-col-33 elementor-top-column elementor-element elementor-element-f8c4b74\" data-id=\"f8c4b74\" data-element_type=\"column\">\n\t\t\t<div class=\"elementor-widget-wrap\">\n\t\t\t\t\t\t\t<\/div>\n\t\t<\/div>\n\t\t\t\t\t<\/div>\n\t\t<\/section>\n\t\t\t\t<section class=\"elementor-section elementor-top-section elementor-element elementor-element-d175870 elementor-section-boxed elementor-section-height-default elementor-section-height-default\" data-id=\"d175870\" data-element_type=\"section\" data-settings=\"{&quot;background_background&quot;:&quot;classic&quot;}\">\n\t\t\t\t\t\t<div class=\"elementor-container elementor-column-gap-default\">\n\t\t\t\t\t<div class=\"elementor-column elementor-col-100 elementor-top-column elementor-element elementor-element-5bd16fd\" data-id=\"5bd16fd\" data-element_type=\"column\">\n\t\t\t<div class=\"elementor-widget-wrap\">\n\t\t\t\t\t\t\t<\/div>\n\t\t<\/div>\n\t\t\t\t\t<\/div>\n\t\t<\/section>\n\t\t\t\t<\/div>\n\t\t","protected":false},"excerpt":{"rendered":"<p>\u00a0 \u00a0 A DSK Inform\u00e1tica atua na \u00e1rea Inform\u00e1tica e Automa\u00e7\u00e3o Comercial, especialmente em TEF, em todo o territ\u00f3rio Nacional. Com profissionais capacitados podemos\u00a0 proporcionar suporte t\u00e9cnico e manuten\u00e7\u00e3o especializada, inclusive com acesso remoto. De acordo com a necessidade de cada cliente, elaboramos solu\u00e7\u00f5es\u00a0 adequadas e eficazes. Trabalhamos com pe\u00e7as e equipamentos das melhores e [&hellip;]<\/p>\n","protected":false},"author":1,"featured_media":0,"parent":0,"menu_order":0,"comment_status":"closed","ping_status":"closed","template":"elementor_header_footer","meta":{"footnotes":""},"class_list":["post-22","page","type-page","status-publish","hentry"],"_links":{"self":[{"href":"http:\/\/dskinformatica.com.br\/index.php\/wp-json\/wp\/v2\/pages\/22","targetHints":{"allow":["GET"]}}],"collection":[{"href":"http:\/\/dskinformatica.com.br\/index.php\/wp-json\/wp\/v2\/pages"}],"about":[{"href":"http:\/\/dskinformatica.com.br\/index.php\/wp-json\/wp\/v2\/types\/page"}],"author":[{"embeddable":true,"href":"http:\/\/dskinformatica.com.br\/index.php\/wp-json\/wp\/v2\/users\/1"}],"replies":[{"embeddable":true,"href":"http:\/\/dskinformatica.com.br\/index.php\/wp-json\/wp\/v2\/comments?post=22"}],"version-history":[{"count":46,"href":"http:\/\/dskinformatica.com.br\/index.php\/wp-json\/wp\/v2\/pages\/22\/revisions"}],"predecessor-version":[{"id":728,"href":"http:\/\/dskinformatica.com.br\/index.php\/wp-json\/wp\/v2\/pages\/22\/revisions\/728"}],"wp:attachment":[{"href":"http:\/\/dskinformatica.com.br\/index.php\/wp-json\/wp\/v2\/media?parent=22"}],"curies":[{"name":"wp","href":"https:\/\/api.w.org\/{rel}","templated":true}]}}