{"id":871,"date":"2021-08-21T17:05:08","date_gmt":"2021-08-21T20:05:08","guid":{"rendered":"http:\/\/dskinformatica.com.br\/?page_id=871"},"modified":"2021-08-21T20:23:25","modified_gmt":"2021-08-21T23:23:25","slug":"links-uteis","status":"publish","type":"page","link":"http:\/\/dskinformatica.com.br\/index.php\/links-uteis\/","title":{"rendered":"Links \u00dateis"},"content":{"rendered":"\t\t<div data-elementor-type=\"wp-page\" data-elementor-id=\"871\" class=\"elementor elementor-871\">\n\t\t\t\t\t\t<section class=\"elementor-section elementor-top-section elementor-element elementor-element-dfa379d elementor-section-boxed elementor-section-height-default elementor-section-height-default\" data-id=\"dfa379d\" data-element_type=\"section\">\n\t\t\t\t\t\t<div class=\"elementor-container elementor-column-gap-default\">\n\t\t\t\t\t<div class=\"elementor-column elementor-col-100 elementor-top-column elementor-element elementor-element-3bb08e58\" data-id=\"3bb08e58\" data-element_type=\"column\">\n\t\t\t<div class=\"elementor-widget-wrap elementor-element-populated\">\n\t\t\t\t\t\t<div class=\"elementor-element elementor-element-ea2aedb elementor-widget elementor-widget-text-editor\" data-id=\"ea2aedb\" data-element_type=\"widget\" data-widget_type=\"text-editor.default\">\n\t\t\t\t<div class=\"elementor-widget-container\">\n\t\t\t<style>\/*! elementor - v3.22.0 - 26-06-2024 *\/\n.elementor-widget-text-editor.elementor-drop-cap-view-stacked .elementor-drop-cap{background-color:#69727d;color:#fff}.elementor-widget-text-editor.elementor-drop-cap-view-framed .elementor-drop-cap{color:#69727d;border:3px solid;background-color:transparent}.elementor-widget-text-editor:not(.elementor-drop-cap-view-default) .elementor-drop-cap{margin-top:8px}.elementor-widget-text-editor:not(.elementor-drop-cap-view-default) .elementor-drop-cap-letter{width:1em;height:1em}.elementor-widget-text-editor .elementor-drop-cap{float:left;text-align:center;line-height:1;font-size:50px}.elementor-widget-text-editor .elementor-drop-cap-letter{display:inline-block}<\/style>\t\t\t\t<p><a href=\"https:\/\/painel.telium.com.br\/\" target=\"_blank\" rel=\"noopener\">Painel de Controle Telium<\/a><\/p><hr \/><p><a href=\"https:\/\/painel.kinghost.com.br\" target=\"_blank\" rel=\"noopener\">Painel de Controle KINGOST<\/a><\/p><hr \/><p><a href=\"https:\/\/www.minhaconexao.com.br\" target=\"_blank\" rel=\"noopener\">Teste de Velocidade Internet<\/a><\/p><hr \/><p><a href=\"https:\/\/dnschecker.org\" target=\"_blank\" rel=\"noopener\">Verificar Propaga\u00e7\u00e3o de DNS<\/a><\/p><hr \/><p><a href=\"https:\/\/registro.br\" target=\"_blank\" rel=\"noopener\">Registro de Dom\u00ednios BR<\/a><\/p><hr \/><p><a href=\"https:\/\/pt.webcamtests.com\/\" target=\"_blank\" rel=\"noopener\">Teste de WEBCAM \/ MICROFONE<\/a><\/p><p>\u00a0<\/p>\t\t\t\t\t\t<\/div>\n\t\t\t\t<\/div>\n\t\t\t\t\t<\/div>\n\t\t<\/div>\n\t\t\t\t\t<\/div>\n\t\t<\/section>\n\t\t\t\t<\/div>\n\t\t","protected":false},"excerpt":{"rendered":"<p>Painel de Controle Telium Painel de Controle KINGOST Teste de Velocidade Internet Verificar Propaga\u00e7\u00e3o de DNS Registro de Dom\u00ednios BR Teste de WEBCAM \/ MICROFONE \u00a0<\/p>\n","protected":false},"author":1,"featured_media":0,"parent":0,"menu_order":0,"comment_status":"closed","ping_status":"closed","template":"","meta":{"footnotes":""},"class_list":["post-871","page","type-page","status-publish","hentry"],"_links":{"self":[{"href":"http:\/\/dskinformatica.com.br\/index.php\/wp-json\/wp\/v2\/pages\/871","targetHints":{"allow":["GET"]}}],"collection":[{"href":"http:\/\/dskinformatica.com.br\/index.php\/wp-json\/wp\/v2\/pages"}],"about":[{"href":"http:\/\/dskinformatica.com.br\/index.php\/wp-json\/wp\/v2\/types\/page"}],"author":[{"embeddable":true,"href":"http:\/\/dskinformatica.com.br\/index.php\/wp-json\/wp\/v2\/users\/1"}],"replies":[{"embeddable":true,"href":"http:\/\/dskinformatica.com.br\/index.php\/wp-json\/wp\/v2\/comments?post=871"}],"version-history":[{"count":46,"href":"http:\/\/dskinformatica.com.br\/index.php\/wp-json\/wp\/v2\/pages\/871\/revisions"}],"predecessor-version":[{"id":921,"href":"http:\/\/dskinformatica.com.br\/index.php\/wp-json\/wp\/v2\/pages\/871\/revisions\/921"}],"wp:attachment":[{"href":"http:\/\/dskinformatica.com.br\/index.php\/wp-json\/wp\/v2\/media?parent=871"}],"curies":[{"name":"wp","href":"https:\/\/api.w.org\/{rel}","templated":true}]}}